{"id":200,"date":"2021-12-04T10:56:39","date_gmt":"2021-12-04T09:56:39","guid":{"rendered":"https:\/\/www.jieldelamp.nl\/?page_id=200"},"modified":"2026-03-11T18:00:52","modified_gmt":"2026-03-11T17:00:52","slug":"home-pagina","status":"publish","type":"page","link":"https:\/\/www.jieldelamp.nl\/en\/","title":{"rendered":"Home pagina"},"content":{"rendered":"<p>[et_pb_section fb_built=&#8221;1&#8243; admin_label=&#8221;Page Title Section&#8221; _builder_version=&#8221;4.16&#8243; use_background_color_gradient=&#8221;on&#8221; background_color_gradient_direction=&#8221;120deg&#8221; background_color_gradient_stops=&#8221;#000000 0%|rgba(0,0,0,0) 100%&#8221; background_color_gradient_overlays_image=&#8221;on&#8221; background_color_gradient_start=&#8221;#000000&#8243; background_color_gradient_end=&#8221;rgba(0,0,0,0)&#8221; background_image=&#8221;https:\/\/www.jieldelamp.nl\/wp-content\/uploads\/2021\/12\/B065BC76-F800-49AA-8365-2094E1487CEF-scaled.jpeg&#8221; custom_padding=&#8221;110px||110px|&#8221; locked=&#8221;off&#8221; global_colors_info=&#8221;{}&#8221;][et_pb_row column_structure=&#8221;2_3,1_3&#8243; _builder_version=&#8221;4.16&#8243; background_size=&#8221;initial&#8221; background_position=&#8221;top_left&#8221; background_repeat=&#8221;repeat&#8221; custom_padding=&#8221;0px|||||&#8221; global_colors_info=&#8221;{}&#8221;][et_pb_column type=&#8221;2_3&#8243; _builder_version=&#8221;4.16&#8243; custom_padding=&#8221;|||&#8221; global_colors_info=&#8221;{}&#8221; custom_padding__hover=&#8221;|||&#8221;][et_pb_text admin_label=&#8221;Title&#8221; _builder_version=&#8221;4.23.1&#8243; text_font=&#8221;||||||||&#8221; header_font=&#8221;Poppins|600|||||||&#8221; header_font_size=&#8221;60px&#8221; header_line_height=&#8221;1.2em&#8221; header_2_font=&#8221;||||||||&#8221; header_2_font_size=&#8221;60px&#8221; background_layout=&#8221;dark&#8221; custom_margin=&#8221;||20px|&#8221; custom_padding=&#8221;|||&#8221; animation_style=&#8221;fade&#8221; header_font_size_tablet=&#8221;&#8221; header_font_size_phone=&#8221;40px&#8221; header_font_size_last_edited=&#8221;on|phone&#8221; global_colors_info=&#8221;{}&#8221;]<\/p>\n<h1 style=\"text-align: left;\">Jield\u00e9 lamp<\/h1>\n<p>Jan van Duinen<\/p>\n<p><span>Jield\u00e9<\/span> sinds 1950<\/p>\n<p><a href=\"mailto:jan@jieldelamp.nl\">jan@jieldelamp.nl<\/a><\/p>\n<p><a href=\"mailto:parts@jieldelamp.nl\">parts@jieldelamp.nl<\/a><\/p>\n<p>&nbsp;<\/p>\n<p>&nbsp;<\/p>\n<p>[\/et_pb_text][\/et_pb_column][et_pb_column type=&#8221;1_3&#8243; _builder_version=&#8221;4.16&#8243; custom_padding=&#8221;|||&#8221; global_colors_info=&#8221;{}&#8221; custom_padding__hover=&#8221;|||&#8221;][\/et_pb_column][\/et_pb_row][\/et_pb_section][et_pb_section fb_built=&#8221;1&#8243; admin_label=&#8221;About Us Section&#8221; _builder_version=&#8221;4.16&#8243; background_color=&#8221;#efe9e4&#8243; custom_padding=&#8221;100px||100px|&#8221; global_colors_info=&#8221;{}&#8221;][et_pb_row column_structure=&#8221;1_2,1_2&#8243; admin_label=&#8221;About Us Area&#8221; _builder_version=&#8221;4.16&#8243; global_colors_info=&#8221;{}&#8221;][et_pb_column type=&#8221;1_2&#8243; _builder_version=&#8221;4.16&#8243; custom_padding=&#8221;|||&#8221; global_colors_info=&#8221;{}&#8221; custom_padding__hover=&#8221;|||&#8221;][et_pb_text admin_label=&#8221;Title&#8221; _builder_version=&#8221;4.27.4&#8243; text_font=&#8221;||||||||&#8221; header_font=&#8221;||||||||&#8221; header_2_font=&#8221;Poppins|600|||||||&#8221; header_2_text_align=&#8221;center&#8221; header_2_font_size=&#8221;36px&#8221; header_2_line_height=&#8221;1.2em&#8221; max_width=&#8221;525px&#8221; module_alignment=&#8221;center&#8221; custom_margin=&#8221;||0px|&#8221; animation_style=&#8221;fade&#8221; global_colors_info=&#8221;{}&#8221;]<\/p>\n<h2>Jield\u00e9<br \/>Industrieel Vintage<\/h2>\n<p>[\/et_pb_text][et_pb_divider color=&#8221;#fdb467&#8243; divider_position=&#8221;center&#8221; divider_weight=&#8221;3px&#8221; _builder_version=&#8221;4.16&#8243; max_width=&#8221;50px&#8221; module_alignment=&#8221;center&#8221; custom_margin=&#8221;|||&#8221; animation_style=&#8221;slide&#8221; animation_direction=&#8221;top&#8221; animation_intensity_slide=&#8221;10%&#8221; animation_starting_opacity=&#8221;100%&#8221; global_colors_info=&#8221;{}&#8221;][\/et_pb_divider][et_pb_text _builder_version=&#8221;4.27.4&#8243; text_font=&#8221;Poppins||||||||&#8221; text_font_size=&#8221;18px&#8221; text_line_height=&#8221;1.8em&#8221; max_width=&#8221;750px&#8221; module_alignment=&#8221;center&#8221; custom_margin=&#8221;|||&#8221; custom_padding=&#8221;|||&#8221; animation_style=&#8221;fade&#8221; global_colors_info=&#8221;{}&#8221;]<\/p>\n<p><span>In een kleine werkplaats van Jean-Louis Domecq, monteur van beroep, ontstond het idee om \u201cde perfecte lamp\u201d te ontwerpen voor zijn eigen werkplaats. Na enkele aanpassingen was het design af in april 1950. <\/span><span style=\"font-size: 18px;\">Het voldeed perfect aan de eisen: Een simpele robuuste lamp, veelzijdig en bestand tegen zware omstandigheden. Het kogelscharnier met de twee sleepcontacten is daar een voorbeeld van waardoor de lampen alle kanten op kan draaien zonder dat het lichtsnoer breekt. <\/span><span style=\"font-size: 18px;\">Het succes kwam onmiddellijk nadat Jean Louis in 1951\/52 de productie industrialiseerde. In 1953 richtte hij een bedrijf op dat zich met de marketing van deze lamp bezig ging houden. De initialen van de oprichter vormden de basis van de naam:<\/span><\/p>\n<p><span>Jean-Louis Domecq = Ji-el-d\u00e9<\/span><\/p>\n<p><span style=\"font-size: 18px;\">De oude Jield\u00e9 lampen hebben al een heel leven achter de rug. Dat is soms ook te zien, de ene lamp is in betere staat dan de ander. De lamp is uniek wanneer de lamp gebruikt is maar nog wel zijn originele kleur heeft. Dit geeft de lamp karakter en authenticiteit. Tegenwoordig worden de lampen nog steeds gemaakt in Lyon Frankrijk. De oude lampen in de originele uitvoeringen zijn nu een gewild object voor interieur ontwerpers en mensen die van industrieel en van design houden in hun interieur.<\/span><\/p>\n<p>Wilt u advies of informatie over deze iconische Franse industri\u00eble lamp dan kunt u via het contactformulier uw vragen stellen. Ook als het gaat over reparaties of aanpassingen en hoe de lamp modulair is op te bouwen en welke onderdelen daarvoor nodig zijn. Via Whatsapp 06 83599099 of email: <a href=\"mailto:jan@jieldelamp.nl\" style=\"font-size: 18px;\">jan@jieldelamp.nl<\/a><\/p>\n<p><span style=\"font-size: 18px;\"><\/span><\/p>\n<p>[\/et_pb_text][et_pb_image src=&#8221;https:\/\/www.jieldelamp.nl\/wp-content\/uploads\/2024\/01\/IMG_0443.webp&#8221; title_text=&#8221;IMG_0443&#8243; _builder_version=&#8221;4.25.2&#8243; _module_preset=&#8221;default&#8221; global_colors_info=&#8221;{}&#8221;][\/et_pb_image][et_pb_image src=&#8221;https:\/\/www.jieldelamp.nl\/wp-content\/uploads\/2022\/01\/9152A843-8971-4807-A31D-F250211A0C5D.jpeg&#8221; title_text=&#8221;9152A843-8971-4807-A31D-F250211A0C5D&#8221; _builder_version=&#8221;4.25.2&#8243; _module_preset=&#8221;default&#8221; global_colors_info=&#8221;{}&#8221;][\/et_pb_image][et_pb_image src=&#8221;https:\/\/www.jieldelamp.nl\/wp-content\/uploads\/2024\/07\/IMG_1071-scaled.jpeg&#8221; title_text=&#8221;IMG_1071&#8243; _builder_version=&#8221;4.25.2&#8243; _module_preset=&#8221;default&#8221; global_colors_info=&#8221;{}&#8221;][\/et_pb_image][et_pb_image src=&#8221;https:\/\/www.jieldelamp.nl\/wp-content\/uploads\/2025\/10\/IMG_2360-scaled.jpeg&#8221; title_text=&#8221;IMG_2360&#8243; _builder_version=&#8221;4.27.4&#8243; _module_preset=&#8221;default&#8221; global_colors_info=&#8221;{}&#8221;][\/et_pb_image][\/et_pb_column][et_pb_column type=&#8221;1_2&#8243; _builder_version=&#8221;4.16&#8243; custom_padding=&#8221;|||&#8221; global_colors_info=&#8221;{}&#8221; custom_padding__hover=&#8221;|||&#8221;][et_pb_image src=&#8221;https:\/\/www.jieldelamp.nl\/wp-content\/uploads\/2021\/11\/image-15.jpeg&#8221; title_text=&#8221;image-15&#8243; _builder_version=&#8221;4.16&#8243; _module_preset=&#8221;default&#8221; global_colors_info=&#8221;{}&#8221;][\/et_pb_image][et_pb_image src=&#8221;https:\/\/www.jieldelamp.nl\/wp-content\/uploads\/2021\/11\/image-14.jpeg&#8221; title_text=&#8221;image-14&#8243; _builder_version=&#8221;4.25.2&#8243; _module_preset=&#8221;default&#8221; global_colors_info=&#8221;{}&#8221;][\/et_pb_image][et_pb_image src=&#8221;https:\/\/www.jieldelamp.nl\/wp-content\/uploads\/2024\/01\/IMG_0362.jpeg&#8221; title_text=&#8221;IMG_0362&#8243; _builder_version=&#8221;4.25.2&#8243; _module_preset=&#8221;default&#8221; global_colors_info=&#8221;{}&#8221;][\/et_pb_image][et_pb_image src=&#8221;https:\/\/www.jieldelamp.nl\/wp-content\/uploads\/2024\/07\/IMG_1067-scaled.jpeg&#8221; title_text=&#8221;IMG_1067&#8243; _builder_version=&#8221;4.25.2&#8243; _module_preset=&#8221;default&#8221; global_colors_info=&#8221;{}&#8221;][\/et_pb_image][et_pb_image src=&#8221;https:\/\/www.jieldelamp.nl\/wp-content\/uploads\/2025\/10\/IMG_5222-scaled.jpeg&#8221; title_text=&#8221;IMG_5222&#8243; _builder_version=&#8221;4.27.4&#8243; _module_preset=&#8221;default&#8221; width=&#8221;83%&#8221; global_colors_info=&#8221;{}&#8221;][\/et_pb_image][et_pb_text _builder_version=&#8221;4.27.6&#8243; _module_preset=&#8221;default&#8221; hover_enabled=&#8221;0&#8243; global_colors_info=&#8221;{}&#8221; sticky_enabled=&#8221;0&#8243;]<\/p>\n<p>Foto Links:<br \/>De iconische Jield\u00e9 lamp wordt in vele moderne trendy magazines afgebeeld.<br \/>En dat voor een ontwerp uit 1950, dus al meer dan 75 jaar een tijdloos ontwerp.<\/p>\n<p>VT wonen magazine, September 2025, een mooie Jield\u00e9 vloerlamp met 4 armen in een Industrieel Vintage woonstijl.<\/p>\n<p>[\/et_pb_text][\/et_pb_column][\/et_pb_row][\/et_pb_section]<\/p>\n","protected":false},"excerpt":{"rendered":"<p>Jield\u00e9 lamp Jan van Duinen Jield\u00e9 sinds 1950 jan@jieldelamp.nl parts@jieldelamp.nl &nbsp; &nbsp;Jield\u00e9Industrieel VintageIn een kleine werkplaats van Jean-Louis Domecq, monteur van beroep, ontstond het idee om \u201cde perfecte lamp\u201d te ontwerpen voor zijn eigen werkplaats. Na enkele aanpassingen was het design af in april 1950. Het voldeed perfect aan de eisen: Een simpele robuuste lamp, [&hellip;]<\/p>\n","protected":false},"author":1,"featured_media":0,"parent":0,"menu_order":0,"comment_status":"closed","ping_status":"closed","template":"","meta":{"_et_pb_use_builder":"on","_et_pb_old_content":"<!-- wp:image {\"id\":102,\"width\":609,\"height\":812,\"sizeSlug\":\"large\",\"linkDestination\":\"none\"} -->\n<figure class=\"wp-block-image size-large is-resized\"><img src=\"https:\/\/www.jieldelamp.nl\/wp-content\/uploads\/2021\/12\/B065BC76-F800-49AA-8365-2094E1487CEF-768x1024.jpeg\" alt=\"\" class=\"wp-image-102\" width=\"609\" height=\"812\"\/><\/figure>\n<!-- \/wp:image -->","_et_gb_content_width":"","footnotes":""},"class_list":["post-200","page","type-page","status-publish","hentry"],"yoast_head":"<!-- This site is optimized with the Yoast SEO plugin v27.4 - https:\/\/yoast.com\/product\/yoast-seo-wordpress\/ -->\n<title>Jield\u00e9 lampen, industrieel vintage 1950-1960.<\/title>\n<meta name=\"description\" content=\"Een Jield\u00e9 lamp uit de eerste periode 1950-1960 in de originele kleur en staat vinden is vaak erg lastig. Wij helpen met het vinden van de juiste industri\u00eble vintage Jield\u00e9 lamp.\" \/>\n<meta name=\"robots\" content=\"index, follow, max-snippet:-1, max-image-preview:large, max-video-preview:-1\" \/>\n<link rel=\"canonical\" href=\"https:\/\/www.jieldelamp.nl\/en\/\" \/>\n<meta property=\"og:locale\" content=\"en_US\" \/>\n<meta property=\"og:type\" content=\"article\" \/>\n<meta property=\"og:title\" content=\"Jield\u00e9 lampen, industrieel vintage 1950-1960.\" \/>\n<meta property=\"og:description\" content=\"Een Jield\u00e9 lamp uit de eerste periode 1950-1960 in de originele kleur en staat vinden is vaak erg lastig. Wij helpen met het vinden van de juiste industri\u00eble vintage Jield\u00e9 lamp.\" \/>\n<meta property=\"og:url\" content=\"https:\/\/www.jieldelamp.nl\/en\/\" \/>\n<meta property=\"og:site_name\" content=\"Jield\u00e9 lamp\" \/>\n<meta property=\"article:modified_time\" content=\"2026-03-11T17:00:52+00:00\" \/>\n<meta name=\"twitter:card\" content=\"summary_large_image\" \/>\n<meta name=\"twitter:label1\" content=\"Est. reading time\" \/>\n\t<meta name=\"twitter:data1\" content=\"4 minutes\" \/>\n<script type=\"application\/ld+json\" class=\"yoast-schema-graph\">{\"@context\":\"https:\\\/\\\/schema.org\",\"@graph\":[{\"@type\":\"WebPage\",\"@id\":\"https:\\\/\\\/www.jieldelamp.nl\\\/\",\"url\":\"https:\\\/\\\/www.jieldelamp.nl\\\/\",\"name\":\"Jield\u00e9 lampen, industrieel vintage 1950-1960.\",\"isPartOf\":{\"@id\":\"https:\\\/\\\/www.jieldelamp.nl\\\/#website\"},\"datePublished\":\"2021-12-04T09:56:39+00:00\",\"dateModified\":\"2026-03-11T17:00:52+00:00\",\"description\":\"Een Jield\u00e9 lamp uit de eerste periode 1950-1960 in de originele kleur en staat vinden is vaak erg lastig. Wij helpen met het vinden van de juiste industri\u00eble vintage Jield\u00e9 lamp.\",\"breadcrumb\":{\"@id\":\"https:\\\/\\\/www.jieldelamp.nl\\\/#breadcrumb\"},\"inLanguage\":\"en-US\",\"potentialAction\":[{\"@type\":\"ReadAction\",\"target\":[\"https:\\\/\\\/www.jieldelamp.nl\\\/\"]}]},{\"@type\":\"BreadcrumbList\",\"@id\":\"https:\\\/\\\/www.jieldelamp.nl\\\/#breadcrumb\",\"itemListElement\":[{\"@type\":\"ListItem\",\"position\":1,\"name\":\"Home\",\"item\":\"https:\\\/\\\/www.jieldelamp.nl\\\/\"},{\"@type\":\"ListItem\",\"position\":2,\"name\":\"Home pagina\"}]},{\"@type\":\"WebSite\",\"@id\":\"https:\\\/\\\/www.jieldelamp.nl\\\/#website\",\"url\":\"https:\\\/\\\/www.jieldelamp.nl\\\/\",\"name\":\"Jield\u00e9 lamp\",\"description\":\"Originele Jielde lampen, industrieel vintage\",\"publisher\":{\"@id\":\"https:\\\/\\\/www.jieldelamp.nl\\\/#organization\"},\"potentialAction\":[{\"@type\":\"SearchAction\",\"target\":{\"@type\":\"EntryPoint\",\"urlTemplate\":\"https:\\\/\\\/www.jieldelamp.nl\\\/?s={search_term_string}\"},\"query-input\":{\"@type\":\"PropertyValueSpecification\",\"valueRequired\":true,\"valueName\":\"search_term_string\"}}],\"inLanguage\":\"en-US\"},{\"@type\":\"Organization\",\"@id\":\"https:\\\/\\\/www.jieldelamp.nl\\\/#organization\",\"name\":\"Jield\u00e9 lamp\",\"url\":\"https:\\\/\\\/www.jieldelamp.nl\\\/\",\"logo\":{\"@type\":\"ImageObject\",\"inLanguage\":\"en-US\",\"@id\":\"https:\\\/\\\/www.jieldelamp.nl\\\/#\\\/schema\\\/logo\\\/image\\\/\",\"url\":\"\",\"contentUrl\":\"\",\"caption\":\"Jield\u00e9 lamp\"},\"image\":{\"@id\":\"https:\\\/\\\/www.jieldelamp.nl\\\/#\\\/schema\\\/logo\\\/image\\\/\"}}]}<\/script>\n<!-- \/ Yoast SEO plugin. -->","yoast_head_json":{"title":"Jield\u00e9 lampen, industrieel vintage 1950-1960.","description":"Een Jield\u00e9 lamp uit de eerste periode 1950-1960 in de originele kleur en staat vinden is vaak erg lastig. Wij helpen met het vinden van de juiste industri\u00eble vintage Jield\u00e9 lamp.","robots":{"index":"index","follow":"follow","max-snippet":"max-snippet:-1","max-image-preview":"max-image-preview:large","max-video-preview":"max-video-preview:-1"},"canonical":"https:\/\/www.jieldelamp.nl\/en\/","og_locale":"en_US","og_type":"article","og_title":"Jield\u00e9 lampen, industrieel vintage 1950-1960.","og_description":"Een Jield\u00e9 lamp uit de eerste periode 1950-1960 in de originele kleur en staat vinden is vaak erg lastig. Wij helpen met het vinden van de juiste industri\u00eble vintage Jield\u00e9 lamp.","og_url":"https:\/\/www.jieldelamp.nl\/en\/","og_site_name":"Jield\u00e9 lamp","article_modified_time":"2026-03-11T17:00:52+00:00","twitter_card":"summary_large_image","twitter_misc":{"Est. reading time":"4 minutes"},"schema":{"@context":"https:\/\/schema.org","@graph":[{"@type":"WebPage","@id":"https:\/\/www.jieldelamp.nl\/","url":"https:\/\/www.jieldelamp.nl\/","name":"Jield\u00e9 lampen, industrieel vintage 1950-1960.","isPartOf":{"@id":"https:\/\/www.jieldelamp.nl\/#website"},"datePublished":"2021-12-04T09:56:39+00:00","dateModified":"2026-03-11T17:00:52+00:00","description":"Een Jield\u00e9 lamp uit de eerste periode 1950-1960 in de originele kleur en staat vinden is vaak erg lastig. Wij helpen met het vinden van de juiste industri\u00eble vintage Jield\u00e9 lamp.","breadcrumb":{"@id":"https:\/\/www.jieldelamp.nl\/#breadcrumb"},"inLanguage":"en-US","potentialAction":[{"@type":"ReadAction","target":["https:\/\/www.jieldelamp.nl\/"]}]},{"@type":"BreadcrumbList","@id":"https:\/\/www.jieldelamp.nl\/#breadcrumb","itemListElement":[{"@type":"ListItem","position":1,"name":"Home","item":"https:\/\/www.jieldelamp.nl\/"},{"@type":"ListItem","position":2,"name":"Home pagina"}]},{"@type":"WebSite","@id":"https:\/\/www.jieldelamp.nl\/#website","url":"https:\/\/www.jieldelamp.nl\/","name":"Jield\u00e9 lamp","description":"Originele Jielde lampen, industrieel vintage","publisher":{"@id":"https:\/\/www.jieldelamp.nl\/#organization"},"potentialAction":[{"@type":"SearchAction","target":{"@type":"EntryPoint","urlTemplate":"https:\/\/www.jieldelamp.nl\/?s={search_term_string}"},"query-input":{"@type":"PropertyValueSpecification","valueRequired":true,"valueName":"search_term_string"}}],"inLanguage":"en-US"},{"@type":"Organization","@id":"https:\/\/www.jieldelamp.nl\/#organization","name":"Jield\u00e9 lamp","url":"https:\/\/www.jieldelamp.nl\/","logo":{"@type":"ImageObject","inLanguage":"en-US","@id":"https:\/\/www.jieldelamp.nl\/#\/schema\/logo\/image\/","url":"","contentUrl":"","caption":"Jield\u00e9 lamp"},"image":{"@id":"https:\/\/www.jieldelamp.nl\/#\/schema\/logo\/image\/"}}]}},"jetpack_sharing_enabled":true,"_links":{"self":[{"href":"https:\/\/www.jieldelamp.nl\/en\/wp-json\/wp\/v2\/pages\/200","targetHints":{"allow":["GET"]}}],"collection":[{"href":"https:\/\/www.jieldelamp.nl\/en\/wp-json\/wp\/v2\/pages"}],"about":[{"href":"https:\/\/www.jieldelamp.nl\/en\/wp-json\/wp\/v2\/types\/page"}],"author":[{"embeddable":true,"href":"https:\/\/www.jieldelamp.nl\/en\/wp-json\/wp\/v2\/users\/1"}],"replies":[{"embeddable":true,"href":"https:\/\/www.jieldelamp.nl\/en\/wp-json\/wp\/v2\/comments?post=200"}],"version-history":[{"count":53,"href":"https:\/\/www.jieldelamp.nl\/en\/wp-json\/wp\/v2\/pages\/200\/revisions"}],"predecessor-version":[{"id":226306,"href":"https:\/\/www.jieldelamp.nl\/en\/wp-json\/wp\/v2\/pages\/200\/revisions\/226306"}],"wp:attachment":[{"href":"https:\/\/www.jieldelamp.nl\/en\/wp-json\/wp\/v2\/media?parent=200"}],"curies":[{"name":"wp","href":"https:\/\/api.w.org\/{rel}","templated":true}]}}